 {"id":723,"date":"2024-12-02T14:37:14","date_gmt":"2024-12-02T14:37:14","guid":{"rendered":"https:\/\/mybeacon.ca\/compte-beacon-money\/"},"modified":"2024-12-06T16:33:00","modified_gmt":"2024-12-06T16:33:00","slug":"compte-beacon-money","status":"publish","type":"page","link":"https:\/\/www.mybeacon.ca\/fr\/compte-beacon-money\/","title":{"rendered":"Compte Beacon Money"},"content":{"rendered":"\n<div class=\"wp-block-group is-style-mw-container is-layout-flow wp-block-group-is-layout-flow\" style=\"margin-top:var(--wp--preset--spacing--extra-large);margin-bottom:var(--wp--preset--spacing--extra-large)\">\n<div class=\"wp-block-columns are-vertically-aligned-center is-style-reverse-mobile is-layout-flex wp-container-core-columns-is-layout-5016e1a0 wp-block-columns-is-layout-flex\">\n<div class=\"wp-block-column is-vertically-aligned-center is-layout-flow wp-container-core-column-is-layout-d1a450bd wp-block-column-is-layout-flow\">\n<div class=\"wp-block-group is-nowrap is-layout-flex wp-container-core-group-is-layout-b953e519 wp-block-group-is-layout-flex\">\n<p class=\"\">Compte Beacon Money<\/p>\n\n\n\n<p class=\"has-purple-background-color has-background\" style=\"border-radius:30px;padding-top:0;padding-right:var(--wp--preset--spacing--extra-small);padding-bottom:0;padding-left:var(--wp--preset--spacing--extra-small)\">Bient\u00f4t disponible<\/p>\n<\/div>\n\n\n\n<h1 class=\"wp-block-heading\">Con\u00e7u pour les futurs Canadiens<\/h1>\n\n\n\n<p class=\"has-paragraph-lg-font-size\">Quelques minutes dans votre pays d&rsquo;origine pour \u00e9viter des heures de frustration au Canada. Ouvrez un compte en monnaie canadienne pendant que vous \u00eates dans votre pays d&rsquo;origine. <\/p>\n\n\n\n<div class=\"wp-block-buttons is-layout-flex wp-block-buttons-is-layout-flex\">\n<div class=\"wp-block-button\"><a class=\"wp-block-button__link wp-element-button\" href=\"#join-waitlist\">Inscrivez-vous sur la liste d&rsquo;attente<\/a><\/div>\n<\/div>\n<\/div>\n\n\n\n<div class=\"wp-block-column is-vertically-aligned-center is-layout-flow wp-block-column-is-layout-flow\">\n<figure class=\"wp-block-image size-full is-style-rounded ani-fade-up ani-fade-up\"><img loading=\"lazy\" decoding=\"async\" width=\"1024\" height=\"692\" src=\"https:\/\/mybeacon.ca\/wp-content\/uploads\/2024\/12\/media-3-1024x692-1.webp\" alt=\"\" class=\"wp-image-439\" srcset=\"https:\/\/www.mybeacon.ca\/wp-content\/uploads\/2024\/12\/media-3-1024x692-1.webp 1024w, https:\/\/www.mybeacon.ca\/wp-content\/uploads\/2024\/12\/media-3-1024x692-1-592x400.webp 592w, https:\/\/www.mybeacon.ca\/wp-content\/uploads\/2024\/12\/media-3-1024x692-1-768x519.webp 768w\" sizes=\"auto, (max-width: 1024px) 100vw, 1024px\" \/><\/figure>\n<\/div>\n<\/div>\n<\/div>\n\n<div class=\"wp-block-cover is-light\" style=\"padding-top:var(--wp--preset--spacing--large);padding-bottom:var(--wp--preset--spacing--large)\"><span aria-hidden=\"true\" class=\"wp-block-cover__background has-background-dim\" style=\"background-color:#d5d5d5\"><\/span><img loading=\"lazy\" decoding=\"async\" width=\"1512\" height=\"963\" class=\"wp-block-cover__image-background wp-image-441\" alt=\"\" src=\"https:\/\/mybeacon.ca\/wp-content\/uploads\/2024\/12\/mountains-bg-1-1.webp\" data-object-fit=\"cover\" srcset=\"https:\/\/www.mybeacon.ca\/wp-content\/uploads\/2024\/12\/mountains-bg-1-1.webp 1512w, https:\/\/www.mybeacon.ca\/wp-content\/uploads\/2024\/12\/mountains-bg-1-1-628x400.webp 628w, https:\/\/www.mybeacon.ca\/wp-content\/uploads\/2024\/12\/mountains-bg-1-1-1024x652.webp 1024w, https:\/\/www.mybeacon.ca\/wp-content\/uploads\/2024\/12\/mountains-bg-1-1-768x489.webp 768w\" sizes=\"auto, (max-width: 1512px) 100vw, 1512px\" \/><div class=\"wp-block-cover__inner-container is-layout-constrained wp-block-cover-is-layout-constrained\">\n<div class=\"wp-block-group is-style-mw-850 is-layout-constrained wp-block-group-is-layout-constrained\">\n<h2 class=\"wp-block-heading has-text-align-center\">Ouvrir un compte de d\u00e9p\u00f4t canadien depuis votre pays d&rsquo;origine<\/h2>\n\n\n\n<p class=\"has-text-align-center has-paragraph-lg-font-size\">Nous avons con\u00e7u une application mobile moderne pour vous aider \u00e0 ouvrir un compte de d\u00e9p\u00f4t canadien avant votre arriv\u00e9e au Canada en 30 minutes. Aucun rendez-vous n&rsquo;est n\u00e9cessaire. <\/p>\n\n\n<section id=\"card-carousel-block_b3158a072816707a7641dfc39b4f92f4\" class=\"card-carousel_block px-lg-0\">\n\t<div class=\"container px-0\">\t\t\t\t\n\t\t<div class=\"row align-items-start \">\n\t\t\t<div class=\"col-12\">\n\t\t\t\t<!-- Your HTML code here -->\n\t\t\t\t<div id=\"card-carousel-card-carousel-block_b3158a072816707a7641dfc39b4f92f4\">\n\t\t\t\t\t\t\t\t\t<div class=\"card-carousel-item\" >\n\t\t\t\t\t\t<div class=\"card-carousel-item-inner\">\n\t\t\t\t\t\t\t<img decoding=\"async\" src=\"https:\/\/www.mybeacon.ca\/wp-content\/uploads\/2024\/12\/icn-3.svg\" alt=\"\">\n\t\t\t\t\t\t\t<h3>Obtenir une carte virtuelle et physique<\/h3>\n\t\t\t\t\t\t<\/div>\n\t\t\t\t\t<\/div>\n\t\t\t\t\t\t\t\t\t<div class=\"card-carousel-item\" >\n\t\t\t\t\t\t<div class=\"card-carousel-item-inner\">\n\t\t\t\t\t\t\t<img decoding=\"async\" src=\"https:\/\/www.mybeacon.ca\/wp-content\/uploads\/2024\/12\/icn-1-1.svg\" alt=\"\">\n\t\t\t\t\t\t\t<h3>KYC enti\u00e8rement num\u00e9rique, pas de visite en agence<\/h3>\n\t\t\t\t\t\t<\/div>\n\t\t\t\t\t<\/div>\n\t\t\t\t\t\t\t\t\t<div class=\"card-carousel-item\" >\n\t\t\t\t\t\t<div class=\"card-carousel-item-inner\">\n\t\t\t\t\t\t\t<img decoding=\"async\" src=\"https:\/\/www.mybeacon.ca\/wp-content\/uploads\/2024\/12\/icn-2.svg\" alt=\"\">\n\t\t\t\t\t\t\t<h3>Aucun num\u00e9ro d&rsquo;assurance sociale n&rsquo;est requis<\/h3>\n\t\t\t\t\t\t<\/div>\n\t\t\t\t\t<\/div>\n\t\t\t\t\t\t\t\t\t<div class=\"card-carousel-item\" >\n\t\t\t\t\t\t<div class=\"card-carousel-item-inner\">\n\t\t\t\t\t\t\t<img decoding=\"async\" src=\"https:\/\/www.mybeacon.ca\/wp-content\/uploads\/2024\/12\/icn.svg\" alt=\"\">\n\t\t\t\t\t\t\t<h3>Pas de frais mensuels<\/h3>\n\t\t\t\t\t\t<\/div>\n\t\t\t\t\t<\/div>\n\t\t\t\t\t\t\t\t\t<div class=\"card-carousel-item\" >\n\t\t\t\t\t\t<div class=\"card-carousel-item-inner\">\n\t\t\t\t\t\t\t<img decoding=\"async\" src=\"https:\/\/www.mybeacon.ca\/wp-content\/uploads\/2024\/12\/icn-1.svg\" alt=\"\">\n\t\t\t\t\t\t\t<h3>Envoi rapide de fonds internationaux<\/h3>\n\t\t\t\t\t\t<\/div>\n\t\t\t\t\t<\/div>\n\t\t\t\t\t\t\t\t<\/div>\n\n\t\t\t<\/div>\n\t\t<\/div>\n\t<\/div>\n<\/section>\n<script>\n\tjQuery(document).ready(function($){\n\t\t$('#card-carousel-card-carousel-block_b3158a072816707a7641dfc39b4f92f4').slick({\n\t\t\tslidesToShow: 3,\n\t\t\tslidesToScroll: 1,\n\t\t\tdots: true,\n\t\t\tarrows: true,\n\t\t\tcenterMode: true,\n\t\t\tautoplay: true,\n\t\t\tautoplaySpeed: 3000,\n\t\t\tresponsive: [\n\t\t\t\t{\n\t\t\t\t\tbreakpoint: 768,\n\t\t\t\t\tsettings: {\n\t\t\t\t\t\tslidesToShow: 1,\n\t\t\t\t\t\tcenterMode: false,\n\t\t\t\t\t}\n\t\t\t\t}\n\t\t\t]\n\t\t});\n\t});\n<\/script><\/div>\n<\/div><\/div>\n\n<div class=\"wp-block-group is-style-mw-container is-layout-flow wp-block-group-is-layout-flow\" style=\"margin-top:var(--wp--preset--spacing--extra-large);margin-bottom:var(--wp--preset--spacing--extra-large)\">\n<div class=\"wp-block-columns are-vertically-aligned-center is-layout-flex wp-container-core-columns-is-layout-5016e1a0 wp-block-columns-is-layout-flex\">\n<div class=\"wp-block-column is-vertically-aligned-center is-layout-flow wp-block-column-is-layout-flow\">\n<figure class=\"wp-block-image size-large is-style-rounded ani-fade-up ani-fade-up\"><img loading=\"lazy\" decoding=\"async\" width=\"1024\" height=\"907\" src=\"https:\/\/mybeacon.ca\/wp-content\/uploads\/2024\/11\/image-40-2048x1814-1-1024x907.jpg\" alt=\"\" class=\"wp-image-120\" srcset=\"https:\/\/www.mybeacon.ca\/wp-content\/uploads\/2024\/11\/image-40-2048x1814-1-1024x907.jpg 1024w, https:\/\/www.mybeacon.ca\/wp-content\/uploads\/2024\/11\/image-40-2048x1814-1-300x266.jpg 300w, https:\/\/www.mybeacon.ca\/wp-content\/uploads\/2024\/11\/image-40-2048x1814-1-768x680.jpg 768w, https:\/\/www.mybeacon.ca\/wp-content\/uploads\/2024\/11\/image-40-2048x1814-1-1536x1361.jpg 1536w, https:\/\/www.mybeacon.ca\/wp-content\/uploads\/2024\/11\/image-40-2048x1814-1.jpg 2048w\" sizes=\"auto, (max-width: 1024px) 100vw, 1024px\" \/><\/figure>\n<\/div>\n\n\n\n<div class=\"wp-block-column is-vertically-aligned-center is-layout-flow wp-container-core-column-is-layout-d1a450bd wp-block-column-is-layout-flow\">\n<h2 class=\"wp-block-heading\">Payer comme un local<\/h2>\n\n\n\n<p class=\"has-paragraph-lg-font-size\">Obtenez une carte pr\u00e9pay\u00e9e virtuelle gratuite d\u00e8s votre arriv\u00e9e au Canada. Il vous suffit de l&rsquo;ajouter \u00e0 votre Apple ou Google Wallet et de vous passer d&rsquo;argent dans les minutes qui suivent votre arriv\u00e9e. Commandez une carte physique \u00e0 votre adresse canadienne dans les 7 \u00e0 10 jours !    <\/p>\n<\/div>\n<\/div>\n<\/div>\n\n<div class=\"wp-block-group is-style-mw-container is-layout-flow wp-block-group-is-layout-flow\" style=\"margin-top:var(--wp--preset--spacing--extra-large);margin-bottom:var(--wp--preset--spacing--extra-large)\">\n<div class=\"wp-block-columns are-vertically-aligned-center is-style-reverse-mobile is-layout-flex wp-container-core-columns-is-layout-5016e1a0 wp-block-columns-is-layout-flex\">\n<div class=\"wp-block-column is-vertically-aligned-center is-layout-flow wp-container-core-column-is-layout-d1a450bd wp-block-column-is-layout-flow\">\n<h2 class=\"wp-block-heading\">Voyagez en toute s\u00e9r\u00e9nit\u00e9<\/h2>\n\n\n\n<p class=\"has-paragraph-lg-font-size\">R\u00e9duisez le risque de mauvaise manipulation des ch\u00e8ques de voyage ou des cartes de voyage pr\u00e9pay\u00e9es co\u00fbteuses. Utilisez Beacon Remit pour transf\u00e9rer de l&rsquo;argent sur votre compte bancaire canadien depuis votre pays d&rsquo;origine et utilisez votre carte Beacon pour effectuer des paiements au Canada. <\/p>\n<\/div>\n\n\n\n<div class=\"wp-block-column is-vertically-aligned-center is-layout-flow wp-block-column-is-layout-flow\">\n<figure class=\"wp-block-image size-full is-style-rounded ani-fade-up ani-fade-up\"><img loading=\"lazy\" decoding=\"async\" width=\"1024\" height=\"618\" src=\"https:\/\/mybeacon.ca\/wp-content\/uploads\/2024\/12\/media-4-1024x618-1.webp\" alt=\"\" class=\"wp-image-512\" srcset=\"https:\/\/www.mybeacon.ca\/wp-content\/uploads\/2024\/12\/media-4-1024x618-1.webp 1024w, https:\/\/www.mybeacon.ca\/wp-content\/uploads\/2024\/12\/media-4-1024x618-1-663x400.webp 663w, https:\/\/www.mybeacon.ca\/wp-content\/uploads\/2024\/12\/media-4-1024x618-1-768x464.webp 768w\" sizes=\"auto, (max-width: 1024px) 100vw, 1024px\" \/><\/figure>\n<\/div>\n<\/div>\n<\/div>\n\n<div class=\"wp-block-group is-style-mw-container is-layout-flow wp-block-group-is-layout-flow\" style=\"margin-top:var(--wp--preset--spacing--extra-large);margin-bottom:var(--wp--preset--spacing--extra-large)\">\n<div class=\"wp-block-columns are-vertically-aligned-center is-layout-flex wp-container-core-columns-is-layout-5016e1a0 wp-block-columns-is-layout-flex\">\n<div class=\"wp-block-column is-vertically-aligned-center is-layout-flow wp-block-column-is-layout-flow\">\n<figure class=\"wp-block-image size-full is-style-rounded ani-fade-up ani-fade-up\"><img loading=\"lazy\" decoding=\"async\" width=\"1024\" height=\"766\" src=\"https:\/\/mybeacon.ca\/wp-content\/uploads\/2024\/12\/image-36-1024x766-1.webp\" alt=\"\" class=\"wp-image-510\" srcset=\"https:\/\/www.mybeacon.ca\/wp-content\/uploads\/2024\/12\/image-36-1024x766-1.webp 1024w, https:\/\/www.mybeacon.ca\/wp-content\/uploads\/2024\/12\/image-36-1024x766-1-535x400.webp 535w, https:\/\/www.mybeacon.ca\/wp-content\/uploads\/2024\/12\/image-36-1024x766-1-768x575.webp 768w\" sizes=\"auto, (max-width: 1024px) 100vw, 1024px\" \/><\/figure>\n<\/div>\n\n\n\n<div class=\"wp-block-column is-vertically-aligned-center is-layout-flow wp-container-core-column-is-layout-d1a450bd wp-block-column-is-layout-flow\">\n<h2 class=\"wp-block-heading\">Besoin d&rsquo;argent ?<br\/>Pas de probl\u00e8me.<\/h2>\n\n\n\n<p class=\"has-paragraph-lg-font-size\">Vous pouvez retirer de l&rsquo;argent dans plus de 2 000 guichets automatiques au Canada gratuitement jusqu&rsquo;\u00e0 3 fois par mois. Les retraits aux guichets automatiques internationaux seront bient\u00f4t disponibles. <\/p>\n\n\n\n<div class=\"wp-block-buttons is-layout-flex wp-block-buttons-is-layout-flex\">\n<div class=\"wp-block-button\"><a class=\"wp-block-button__link wp-element-button\">Inscrivez-vous sur la liste d&rsquo;attente<\/a><\/div>\n<\/div>\n<\/div>\n<\/div>\n<\/div>\n\n<div class=\"wp-block-group is-style-mw-none has-light-blue-background-color has-background is-layout-constrained wp-container-core-group-is-layout-c33a4c01 wp-block-group-is-layout-constrained\" style=\"padding-top:var(--wp--preset--spacing--extra-large);padding-bottom:var(--wp--preset--spacing--extra-large)\">\n<h2 class=\"wp-block-heading has-text-align-center ani-fade-up ani-fade-up\">Ce que les gens disent.<\/h2>\n\n\n\n<p class=\"has-text-align-center has-paragraph-lg-font-size ani-fade-up ani-fade-up\">Nous avons pr\u00e9sent\u00e9 notre produit \u00e0 des immigrants r\u00e9cents. Voici ce qu&rsquo;ils avaient \u00e0 dire. <\/p>\n\n\n\n<div class=\"wp-block-columns are-vertically-aligned-center is-layout-flex wp-container-core-columns-is-layout-28f84493 wp-block-columns-is-layout-flex\">\n<div class=\"wp-block-column is-vertically-aligned-center is-layout-flow wp-block-column-is-layout-flow\">\n<div class=\"wp-block-group has-white-background-color has-background is-vertical is-content-justification-center is-layout-flex wp-container-core-group-is-layout-9b1aee46 wp-block-group-is-layout-flex\" style=\"border-radius:30px;padding-top:var(--wp--preset--spacing--medium);padding-right:var(--wp--preset--spacing--extra-small);padding-bottom:var(--wp--preset--spacing--medium);padding-left:var(--wp--preset--spacing--extra-small);box-shadow:var(--wp--preset--shadow--natural)\">\n<figure class=\"wp-block-image aligncenter size-large is-resized\"><img decoding=\"async\" src=\"https:\/\/mybeacon.ca\/wp-content\/uploads\/2024\/12\/quote-1.svg\" alt=\"\" class=\"wp-image-516\" style=\"width:auto;height:17px\"\/><\/figure>\n\n\n\n<h5 class=\"wp-block-heading has-text-align-center\">3 semaines pour ouvrir un compte bancaire traditionnel par e-mail, et je devais toujours me rendre dans une agence. Beacon Money, c&rsquo;est facile &#8211; enti\u00e8rement num\u00e9rique, en 15 minutes, sans visite en agence et avec un compte actif ! <\/h5>\n\n\n\n<h5 class=\"wp-block-heading has-text-align-center\" style=\"margin-top:0;margin-bottom:0\">\ud83c\uddee\ud83c\uddf3 Pratik<\/h5>\n<\/div>\n<\/div>\n\n\n\n<div class=\"wp-block-column is-vertically-aligned-center is-layout-flow wp-block-column-is-layout-flow\">\n<div class=\"wp-block-group h-100 has-white-background-color has-background is-vertical is-content-justification-center is-layout-flex wp-container-core-group-is-layout-ee992f64 wp-block-group-is-layout-flex\" style=\"border-radius:30px;padding-top:var(--wp--preset--spacing--medium);padding-right:var(--wp--preset--spacing--extra-small);padding-bottom:var(--wp--preset--spacing--medium);padding-left:var(--wp--preset--spacing--extra-small);box-shadow:var(--wp--preset--shadow--natural)\">\n<figure class=\"wp-block-image aligncenter size-large is-resized\"><img decoding=\"async\" src=\"https:\/\/mybeacon.ca\/wp-content\/uploads\/2024\/12\/quote-1.svg\" alt=\"\" class=\"wp-image-516\" style=\"width:auto;height:17px\"\/><\/figure>\n\n\n\n<h5 class=\"wp-block-heading has-text-align-center\">L&rsquo;int\u00e9gration des transferts de fonds dans Beacon permet d&rsquo;envoyer de l&rsquo;argent plus rapidement et \u00e0 moindre co\u00fbt par rapport \u00e0 ce que je fais actuellement par l&rsquo;interm\u00e9diaire d&rsquo;un agent.<\/h5>\n\n\n\n<h5 class=\"wp-block-heading has-text-align-center\" style=\"margin-top:0;margin-bottom:0\">\ud83c\udde7\ud83c\uddf7 Paula<\/h5>\n<\/div>\n<\/div>\n\n\n\n<div class=\"wp-block-column is-vertically-aligned-center is-layout-flow wp-block-column-is-layout-flow\">\n<div class=\"wp-block-group has-white-background-color has-background is-vertical is-content-justification-center is-layout-flex wp-container-core-group-is-layout-ee992f64 wp-block-group-is-layout-flex\" style=\"border-radius:30px;padding-top:var(--wp--preset--spacing--medium);padding-right:var(--wp--preset--spacing--extra-small);padding-bottom:var(--wp--preset--spacing--medium);padding-left:var(--wp--preset--spacing--extra-small);box-shadow:var(--wp--preset--shadow--natural)\">\n<figure class=\"wp-block-image aligncenter size-large is-resized\"><img decoding=\"async\" src=\"https:\/\/mybeacon.ca\/wp-content\/uploads\/2024\/12\/quote-1.svg\" alt=\"\" class=\"wp-image-516\" style=\"width:auto;height:17px\"\/><\/figure>\n\n\n\n<h5 class=\"wp-block-heading has-text-align-center\">Avant d&rsquo;arriver au Canada, je ne payais jamais de frais bancaires mensuels. J&rsquo;ai appris que les r\u00e9ductions d&rsquo;aujourd&rsquo;hui sont les frais de demain. Je pr\u00e9f\u00e8re le mod\u00e8le sans frais mensuels.  <\/h5>\n\n\n\n<h5 class=\"wp-block-heading has-text-align-center\" style=\"margin-top:0;margin-bottom:0\">\ud83c\uddf5\ud83c\udded Margarett<\/h5>\n<\/div>\n<\/div>\n<\/div>\n<\/div>\n\n<div class=\"wp-block-group is-style-mw-none has-light-green-background-color has-background is-layout-constrained wp-container-core-group-is-layout-c33a4c01 wp-block-group-is-layout-constrained\" style=\"padding-top:var(--wp--preset--spacing--extra-large);padding-bottom:var(--wp--preset--spacing--extra-large)\">\n<figure class=\"wp-block-image aligncenter size-full is-resized ani-fade-up ani-fade-up\"><img loading=\"lazy\" decoding=\"async\" width=\"445\" height=\"289\" src=\"https:\/\/mybeacon.ca\/wp-content\/uploads\/2024\/11\/Beacon_Lockup_RGB_White-2.png\" alt=\"\" class=\"wp-image-140\" style=\"width:150px\" srcset=\"https:\/\/www.mybeacon.ca\/wp-content\/uploads\/2024\/11\/Beacon_Lockup_RGB_White-2.png 445w, https:\/\/www.mybeacon.ca\/wp-content\/uploads\/2024\/11\/Beacon_Lockup_RGB_White-2-300x195.png 300w\" sizes=\"auto, (max-width: 445px) 100vw, 445px\" \/><\/figure>\n\n\n\n<h2 class=\"wp-block-heading has-text-align-center ani-fade-up ani-fade-up\">R\u00e9glez vos probl\u00e8mes en toute confiance.<\/h2>\n\n\n\n<p class=\"has-text-align-center has-paragraph-lg-font-size ani-fade-up ani-fade-up\">Aider les nouveaux arrivants \u00e0 s&rsquo;installer facilement et \u00e0 construire leur avenir en toute confiance.<\/p>\n\n\n\n<div class=\"wp-block-buttons is-content-justification-center is-layout-flex wp-container-core-buttons-is-layout-a89b3969 wp-block-buttons-is-layout-flex\">\n<div class=\"wp-block-button ani-fade-up ani-fade-up\"><a class=\"wp-block-button__link wp-element-button\" href=\"https:\/\/link.becn.app\/linkedin\" target=\"_blank\" rel=\"noopener\">\u00c0 propos de Beacon<\/a><\/div>\n<\/div>\n<\/div>\n","protected":false},"excerpt":{"rendered":"<p>Compte Beacon Money Bient\u00f4t disponible Con\u00e7u pour les futurs Canadiens Quelques minutes dans votre pays d&rsquo;origine pour \u00e9viter des heures de frustration au Canada. Ouvrez un compte en monnaie canadienne pendant que vous \u00eates dans votre pays d&rsquo;origine. Payer comme un local Obtenez une carte pr\u00e9pay\u00e9e virtuelle gratuite d\u00e8s votre arriv\u00e9e au Canada. Il vous [&hellip;]<\/p>\n","protected":false},"author":1,"featured_media":0,"parent":0,"menu_order":0,"comment_status":"closed","ping_status":"closed","template":"","meta":{"_acf_changed":false,"inline_featured_image":false,"footnotes":""},"class_list":["post-723","page","type-page","status-publish","hentry"],"acf":[],"_links":{"self":[{"href":"https:\/\/www.mybeacon.ca\/fr\/wp-json\/wp\/v2\/pages\/723","targetHints":{"allow":["GET"]}}],"collection":[{"href":"https:\/\/www.mybeacon.ca\/fr\/wp-json\/wp\/v2\/pages"}],"about":[{"href":"https:\/\/www.mybeacon.ca\/fr\/wp-json\/wp\/v2\/types\/page"}],"author":[{"embeddable":true,"href":"https:\/\/www.mybeacon.ca\/fr\/wp-json\/wp\/v2\/users\/1"}],"replies":[{"embeddable":true,"href":"https:\/\/www.mybeacon.ca\/fr\/wp-json\/wp\/v2\/comments?post=723"}],"version-history":[{"count":0,"href":"https:\/\/www.mybeacon.ca\/fr\/wp-json\/wp\/v2\/pages\/723\/revisions"}],"wp:attachment":[{"href":"https:\/\/www.mybeacon.ca\/fr\/wp-json\/wp\/v2\/media?parent=723"}],"curies":[{"name":"wp","href":"https:\/\/api.w.org\/{rel}","templated":true}]}}